{"id":1739,"date":"2024-11-20T15:00:16","date_gmt":"2024-11-20T15:00:16","guid":{"rendered":"https:\/\/crismovel.com\/politica-de-privacidade\/"},"modified":"2024-11-20T15:00:16","modified_gmt":"2024-11-20T15:00:16","slug":"politica-de-privacidade","status":"publish","type":"page","link":"https:\/\/www.crismovel.com\/fr\/politica-de-privacidade\/","title":{"rendered":"Politique de Confidentialit\u00e9"},"content":{"rendered":"<p><span style=\"color: #444444;\">Votre confidentialit\u00e9 est importante pour nous. C\u2019est la politique de Crismovel de respecter votre vie priv\u00e9e en ce qui concerne toute information personnelle que nous pouvons collecter sur le site <a href=\"https:\/\/crismovel.com\/fr\/\">Crismovel<\/a> et les autres sites que nous poss\u00e9dons et exploitons.<\/span><\/p>\n<p>    <span style=\"color: #444444;\">Nous ne demandons des informations personnelles que lorsque cela est r\u00e9ellement n\u00e9cessaire pour vous fournir un service. Nous le faisons par des moyens justes et l\u00e9gaux, avec votre connaissance et votre consentement. Nous vous expliquons \u00e9galement pourquoi nous collectons ces informations et comment elles seront utilis\u00e9es.<\/span><\/p>\n<p>    <span style=\"color: #444444;\">Nous ne conservons les informations collect\u00e9es que le temps n\u00e9cessaire pour fournir le service demand\u00e9. Lorsque nous stockons des donn\u00e9es, nous les prot\u00e9geons par des moyens commercialement acceptables afin de pr\u00e9venir les pertes et les vols, ainsi que l\u2019acc\u00e8s, la divulgation, la copie, l\u2019utilisation ou la modification non autoris\u00e9s.<\/span><\/p>\n<p>    <span style=\"color: #444444;\">Nous ne partageons pas les informations permettant de vous identifier publiquement ou avec des tiers, sauf si la loi l&rsquo;exige.<\/span><\/p>\n<p>    <span style=\"color: #444444;\">Notre site peut contenir des liens vers des sites externes qui ne sont pas exploit\u00e9s par nous. Sachez que nous n&rsquo;avons aucun contr\u00f4le sur le contenu et les pratiques de ces sites et que nous ne pouvons accepter aucune responsabilit\u00e9 quant \u00e0 leurs <a style=\"background-color: transparent; color: #444444;\" href=\"https:\/\/politicaprivacidade.com\/\" target=\"_blank\" rel=\"noopener noreferrer\">politiques de confidentialit\u00e9<\/a>.<\/span><\/p>\n<p>    <span style=\"color: #444444;\">Vous \u00eates libre de refuser notre demande d\u2019informations personnelles, mais comprenez que cela pourrait nous emp\u00eacher de vous fournir certains services souhait\u00e9s.<\/span><\/p>\n<p>    <span style=\"color: #444444;\">La poursuite de l&rsquo;utilisation de notre site sera consid\u00e9r\u00e9e comme une acceptation de nos pratiques en mati\u00e8re de confidentialit\u00e9 et de traitement des informations personnelles. Si vous avez des questions sur la mani\u00e8re dont nous traitons les donn\u00e9es des utilisateurs et les informations personnelles, veuillez nous contacter.<\/span><\/p>\n<ul>\n<li><span style=\"color: #444444;\">Le service Google AdSense que nous utilisons pour diffuser de la publicit\u00e9 utilise un cookie DoubleClick pour afficher des annonces plus pertinentes sur le Web et limiter le nombre de fois qu&rsquo;une annonce particuli\u00e8re vous est pr\u00e9sent\u00e9e.<\/span><\/li>\n<li><span style=\"color: #444444;\">Pour plus d\u2019informations sur Google AdSense, consultez la FAQ officielle sur la confidentialit\u00e9 de Google AdSense.<\/span><\/li>\n<li><span style=\"color: #444444;\">Nous utilisons des annonces pour compenser les co\u00fbts de fonctionnement de ce site et financer les d\u00e9veloppements futurs. Les cookies publicitaires comportementaux utilis\u00e9s par ce site sont con\u00e7us pour vous pr\u00e9senter les annonces les plus pertinentes possibles, en suivant anonymement vos centres d\u2019int\u00e9r\u00eat et en proposant du contenu similaire qui pourrait vous int\u00e9resser.<\/span><\/li>\n<li><span style=\"color: #444444;\">Plusieurs partenaires font de la publicit\u00e9 en notre nom, et les cookies de suivi des affili\u00e9s nous permettent simplement de voir si nos clients ont acc\u00e9d\u00e9 au site par l\u2019interm\u00e9diaire de l\u2019un de nos partenaires. Cela nous permet de leur attribuer correctement un cr\u00e9dit et, le cas \u00e9ch\u00e9ant, de permettre \u00e0 nos partenaires affili\u00e9s de vous offrir une promotion li\u00e9e \u00e0 un achat.<\/span><\/li>\n<\/ul>\n<h3><span style=\"color: #444444;\">Engagement de l&rsquo;utilisateur<\/span><\/h3>\n<p>    <span style=\"color: #444444;\">L\u2019utilisateur s\u2019engage \u00e0 faire un usage appropri\u00e9 des contenus et des informations que Crismovel offre sur le site, notamment :<\/span><\/p>\n<ul>\n<li><span style=\"color: #444444;\">A) Ne pas se livrer \u00e0 des activit\u00e9s ill\u00e9gales ou contraires \u00e0 la bonne foi et \u00e0 l&rsquo;ordre public ;<\/span><\/li>\n<li><span style=\"color: #444444;\">B) Ne pas diffuser de propagande ou de contenu \u00e0 caract\u00e8re raciste, x\u00e9nophobe, ou portant sur les jeux d\u2019argent, la pornographie ill\u00e9gale, l\u2019apologie du terrorisme ou allant \u00e0 l\u2019encontre des droits de l\u2019homme ;<\/span><\/li>\n<li><span style=\"color: #444444;\">C) Ne pas endommager les syst\u00e8mes physiques (mat\u00e9riel) et logiques (logiciel) de Crismovel, de ses fournisseurs ou de tiers, ni introduire ou diffuser des virus informatiques ou tout autre syst\u00e8me mat\u00e9riel ou logiciel susceptible de causer des dommages pr\u00e9c\u00e9demment mentionn\u00e9s.<\/span><\/li>\n<\/ul>\n<h3><span style=\"color: #444444;\">Plus d&rsquo;informations<\/span><\/h3>\n<p>    <span style=\"color: #444444;\">Nous esp\u00e9rons avoir clarifi\u00e9 les choses. Comme mentionn\u00e9 pr\u00e9c\u00e9demment, si vous n\u2019\u00eates pas s\u00fbr d\u2019avoir besoin ou non d\u2019un certain \u00e9l\u00e9ment, il est g\u00e9n\u00e9ralement plus s\u00fbr de laisser les cookies activ\u00e9s au cas o\u00f9 vous interagiez avec l\u2019un des services que vous utilisez sur notre site.<\/span><\/p>\n<p>    <span style=\"color: #444444;\">Cette politique est effective \u00e0 partir du 20 novembre 2024 \u00e0 15h05.<\/span><\/p>\n","protected":false},"excerpt":{"rendered":"<p>Votre confidentialit\u00e9 est importante pour nous. C\u2019est la politique de Crismovel de respecter votre vie priv\u00e9e en ce qui concerne toute information personnelle que nous pouvons collecter sur le site Crismovel et les autres sites que nous poss\u00e9dons et exploitons. Nous ne demandons des informations personnelles que lorsque cela est r\u00e9ellement n\u00e9cessaire pour vous fournir [&hellip;]<\/p>\n","protected":false},"author":1,"featured_media":0,"parent":0,"menu_order":0,"comment_status":"closed","ping_status":"closed","template":"","meta":{"_acf_changed":false,"footnotes":""},"class_list":["post-1739","page","type-page","status-publish","hentry"],"acf":[],"_links":{"self":[{"href":"https:\/\/www.crismovel.com\/fr\/wp-json\/wp\/v2\/pages\/1739","targetHints":{"allow":["GET"]}}],"collection":[{"href":"https:\/\/www.crismovel.com\/fr\/wp-json\/wp\/v2\/pages"}],"about":[{"href":"https:\/\/www.crismovel.com\/fr\/wp-json\/wp\/v2\/types\/page"}],"author":[{"embeddable":true,"href":"https:\/\/www.crismovel.com\/fr\/wp-json\/wp\/v2\/users\/1"}],"replies":[{"embeddable":true,"href":"https:\/\/www.crismovel.com\/fr\/wp-json\/wp\/v2\/comments?post=1739"}],"version-history":[{"count":0,"href":"https:\/\/www.crismovel.com\/fr\/wp-json\/wp\/v2\/pages\/1739\/revisions"}],"wp:attachment":[{"href":"https:\/\/www.crismovel.com\/fr\/wp-json\/wp\/v2\/media?parent=1739"}],"curies":[{"name":"wp","href":"https:\/\/api.w.org\/{rel}","templated":true}]}}